{"id":13,"date":"2023-08-22T19:24:26","date_gmt":"2023-08-22T22:24:26","guid":{"rendered":"https:\/\/winepersonnalite.com.br\/?page_id=13"},"modified":"2024-10-28T14:33:38","modified_gmt":"2024-10-28T17:33:38","slug":"quem-somos","status":"publish","type":"page","link":"https:\/\/winepersonnalite.com.br\/franquia\/quem-somos\/","title":{"rendered":"Sobre n\u00f3s &#8211; Seja um Franqueado"},"content":{"rendered":"\t\t<div data-elementor-type=\"wp-page\" data-elementor-id=\"13\" class=\"elementor elementor-13\">\n\t\t\t\t<div class=\"elementor-element elementor-element-8e9a5c5 e-con-full e-flex e-con e-parent\" data-id=\"8e9a5c5\" data-element_type=\"container\" data-e-type=\"container\">\n\t\t<div class=\"elementor-element elementor-element-d523c74 bg-quem-somos e-flex e-con-boxed e-con e-child\" data-id=\"d523c74\" data-element_type=\"container\" data-e-type=\"container\" data-settings=\"{&quot;background_background&quot;:&quot;gradient&quot;}\">\n\t\t\t\t\t<div class=\"e-con-inner\">\n\t\t<div class=\"elementor-element elementor-element-cba4d92 e-con-full e-flex e-con e-child\" data-id=\"cba4d92\" data-element_type=\"container\" data-e-type=\"container\">\n\t\t\t\t<div class=\"elementor-element elementor-element-4ae7c4a elementor-widget elementor-widget-heading\" data-id=\"4ae7c4a\" data-element_type=\"widget\" data-e-type=\"widget\" data-widget_type=\"heading.default\">\n\t\t\t\t<div class=\"elementor-widget-container\">\n\t\t\t\t\t<p class=\"elementor-heading-title elementor-size-default\">SOBRE A<\/p>\t\t\t\t<\/div>\n\t\t\t\t<\/div>\n\t\t\t\t<div class=\"elementor-element elementor-element-18e7913 elementor-widget elementor-widget-heading\" data-id=\"18e7913\" data-element_type=\"widget\" data-e-type=\"widget\" data-widget_type=\"heading.default\">\n\t\t\t\t<div class=\"elementor-widget-container\">\n\t\t\t\t\t<h2 class=\"elementor-heading-title elementor-size-default\">Wine Personnalit\u00e9<\/h2>\t\t\t\t<\/div>\n\t\t\t\t<\/div>\n\t\t\t\t<div class=\"elementor-element elementor-element-67d1706 elementor-widget elementor-widget-heading\" data-id=\"67d1706\" data-element_type=\"widget\" data-e-type=\"widget\" data-widget_type=\"heading.default\">\n\t\t\t\t<div class=\"elementor-widget-container\">\n\t\t\t\t\t<p class=\"elementor-heading-title elementor-size-default\">UM EMPORIUM \u00daNICO E PERSONALIZADO<\/p>\t\t\t\t<\/div>\n\t\t\t\t<\/div>\n\t\t\t\t<div class=\"elementor-element elementor-element-25e686b elementor-widget elementor-widget-text-editor\" data-id=\"25e686b\" data-element_type=\"widget\" data-e-type=\"widget\" data-widget_type=\"text-editor.default\">\n\t\t\t\t<div class=\"elementor-widget-container\">\n\t\t\t\t\t\t\t\t\t<p><span style=\"font-weight: 400;\">Tudo come\u00e7a com um prop\u00f3sito, e a Wine Personnalit\u00e9 Emporium n\u00e3o \u00e9 exce\u00e7\u00e3o. Movidos pela paix\u00e3o pelo vinho, buscamos explorar tudo o que essa bebida especial tem a oferecer.\u00a0<\/span><\/p><p><span style=\"font-weight: 400;\">No final de 2021 resolvemos tirar do papel algo que estava muito bem definido e planejado, bastava apenas colocar os estudos e pesquisas em pr\u00e1tica.<\/span><\/p><p><span style=\"font-weight: 400;\">Em fevereiro de 2022 inauguramos a Terra\u00e7o Wine, em formato de E-commerce e show room. Atrav\u00e9s da nossa rede de Networking e pesquisas percebemos essa que essa parte do mercado era pouco explorada.<\/span><\/p>\t\t\t\t\t\t\t\t<\/div>\n\t\t\t\t<\/div>\n\t\t\t\t<\/div>\n\t\t<div class=\"elementor-element elementor-element-7aa7469 e-con-full e-flex e-con e-child\" data-id=\"7aa7469\" data-element_type=\"container\" data-e-type=\"container\">\n\t\t\t\t<div class=\"elementor-element elementor-element-a54f939 elementor-widget elementor-widget-image\" data-id=\"a54f939\" data-element_type=\"widget\" data-e-type=\"widget\" data-widget_type=\"image.default\">\n\t\t\t\t<div class=\"elementor-widget-container\">\n\t\t\t\t\t\t\t\t\t\t\t\t\t\t\t<img fetchpriority=\"high\" decoding=\"async\" width=\"460\" height=\"600\" src=\"https:\/\/winepersonnalite.com.br\/franquia\/wp-content\/uploads\/2023\/08\/Grupo-de-mascara-102.png\" class=\"attachment-full size-full wp-image-240\" alt=\"\" srcset=\"https:\/\/winepersonnalite.com.br\/franquia\/wp-content\/uploads\/2023\/08\/Grupo-de-mascara-102.png 460w, https:\/\/winepersonnalite.com.br\/franquia\/wp-content\/uploads\/2023\/08\/Grupo-de-mascara-102-230x300.png 230w\" sizes=\"(max-width: 460px) 100vw, 460px\" \/>\t\t\t\t\t\t\t\t\t\t\t\t\t\t\t<\/div>\n\t\t\t\t<\/div>\n\t\t\t\t<\/div>\n\t\t\t\t\t<\/div>\n\t\t\t\t<\/div>\n\t\t<div class=\"elementor-element elementor-element-4a75052 e-flex e-con-boxed e-con e-child\" data-id=\"4a75052\" data-element_type=\"container\" data-e-type=\"container\">\n\t\t\t\t\t<div class=\"e-con-inner\">\n\t\t\t\t<div class=\"elementor-element elementor-element-54a737a elementor-widget elementor-widget-heading\" data-id=\"54a737a\" data-element_type=\"widget\" data-e-type=\"widget\" data-widget_type=\"heading.default\">\n\t\t\t\t<div class=\"elementor-widget-container\">\n\t\t\t\t\t<p class=\"elementor-heading-title elementor-size-default\">O LIMITE M\u00cdNIMO \u00c9 FAZER UM PEDIDO!<\/p>\t\t\t\t<\/div>\n\t\t\t\t<\/div>\n\t\t\t\t<div class=\"elementor-element elementor-element-f09a82f elementor-widget elementor-widget-text-editor\" data-id=\"f09a82f\" data-element_type=\"widget\" data-e-type=\"widget\" data-widget_type=\"text-editor.default\">\n\t\t\t\t<div class=\"elementor-widget-container\">\n\t\t\t\t\t\t\t\t\t<p><span style=\"font-weight: 400;\">Iniciamos a nossa parceria com as vin\u00edcolas para criar r\u00f3tulos personalizados para empresas, mas enfrentamos o desafio das altas quantidades exigidas, o que limitou nossa capacidade de atender a todas as demandas. Assim nasceu a Wine Personnalit\u00e9, sem limite de pedidos, pronta para atender as mais diversas necessidades.<\/span><\/p>\t\t\t\t\t\t\t\t<\/div>\n\t\t\t\t<\/div>\n\t\t\t\t\t<\/div>\n\t\t\t\t<\/div>\n\t\t<div class=\"elementor-element elementor-element-871b056 e-flex e-con-boxed e-con e-child\" data-id=\"871b056\" data-element_type=\"container\" data-e-type=\"container\" data-settings=\"{&quot;background_background&quot;:&quot;classic&quot;}\">\n\t\t\t\t\t<div class=\"e-con-inner\">\n\t\t\t\t<div class=\"elementor-element elementor-element-2eaee8e elementor-widget elementor-widget-heading\" data-id=\"2eaee8e\" data-element_type=\"widget\" data-e-type=\"widget\" data-widget_type=\"heading.default\">\n\t\t\t\t<div class=\"elementor-widget-container\">\n\t\t\t\t\t<h2 class=\"elementor-heading-title elementor-size-default\">A nossa proposta \u00e9 <br>\natender a todos<\/h2>\t\t\t\t<\/div>\n\t\t\t\t<\/div>\n\t\t\t\t<div class=\"elementor-element elementor-element-2fb4aaf elementor-widget-divider--view-line elementor-widget elementor-widget-divider\" data-id=\"2fb4aaf\" data-element_type=\"widget\" data-e-type=\"widget\" data-widget_type=\"divider.default\">\n\t\t\t\t<div class=\"elementor-widget-container\">\n\t\t\t\t\t\t\t<div class=\"elementor-divider\">\n\t\t\t<span class=\"elementor-divider-separator\">\n\t\t\t\t\t\t<\/span>\n\t\t<\/div>\n\t\t\t\t\t\t<\/div>\n\t\t\t\t<\/div>\n\t\t\t\t<div class=\"elementor-element elementor-element-c18d3ac elementor-widget elementor-widget-text-editor\" data-id=\"c18d3ac\" data-element_type=\"widget\" data-e-type=\"widget\" data-widget_type=\"text-editor.default\">\n\t\t\t\t<div class=\"elementor-widget-container\">\n\t\t\t\t\t\t\t\t\t<p><span style=\"font-weight: 400;\">Empresas, consumidores finais que desejam presentear com vinho, caf\u00e9, azeite, cerveja, e a voc\u00ea, futuro franqueado da Wine Personnalit\u00e9.<\/span><\/p>\t\t\t\t\t\t\t\t<\/div>\n\t\t\t\t<\/div>\n\t\t\t\t\t<\/div>\n\t\t\t\t<\/div>\n\t\t<div class=\"elementor-element elementor-element-8349db3 e-flex e-con-boxed e-con e-child\" data-id=\"8349db3\" data-element_type=\"container\" data-e-type=\"container\">\n\t\t\t\t\t<div class=\"e-con-inner\">\n\t\t<div class=\"elementor-element elementor-element-d3fe5a5 e-con-full e-flex e-con e-child\" data-id=\"d3fe5a5\" data-element_type=\"container\" data-e-type=\"container\">\n\t\t\t\t<div class=\"elementor-element elementor-element-f6a6b82 elementor-widget elementor-widget-video\" data-id=\"f6a6b82\" data-element_type=\"widget\" data-e-type=\"widget\" data-settings=\"{&quot;youtube_url&quot;:&quot;https:\\\/\\\/www.youtube.com\\\/watch?v=jqpaPqJniNQ&amp;feature=youtu.be&quot;,&quot;video_type&quot;:&quot;youtube&quot;,&quot;controls&quot;:&quot;yes&quot;}\" data-widget_type=\"video.default\">\n\t\t\t\t<div class=\"elementor-widget-container\">\n\t\t\t\t\t\t\t<div class=\"elementor-wrapper elementor-open-inline\">\n\t\t\t<div class=\"elementor-video\"><\/div>\t\t<\/div>\n\t\t\t\t\t\t<\/div>\n\t\t\t\t<\/div>\n\t\t\t\t<\/div>\n\t\t\t\t\t<\/div>\n\t\t\t\t<\/div>\n\t\t\t\t<\/div>\n\t\t\t\t<\/div>\n\t\t","protected":false},"excerpt":{"rendered":"<p>SOBRE A Wine Personnalit\u00e9 UM EMPORIUM \u00daNICO E PERSONALIZADO Tudo come\u00e7a com um prop\u00f3sito, e a Wine Personnalit\u00e9 Emporium n\u00e3o \u00e9 exce\u00e7\u00e3o. Movidos pela paix\u00e3o pelo vinho, buscamos explorar tudo o que essa bebida especial tem a oferecer. No final de 2021 resolvemos tirar do papel algo que estava muito bem definido e planejado, bastava [&hellip;]<\/p>\n","protected":false},"author":1,"featured_media":0,"parent":0,"menu_order":0,"comment_status":"closed","ping_status":"closed","template":"elementor_header_footer","meta":{"footnotes":""},"class_list":["post-13","page","type-page","status-publish","hentry"],"acf":[],"yoast_head":"<!-- This site is optimized with the Yoast SEO plugin v27.3 - https:\/\/yoast.com\/product\/yoast-seo-wordpress\/ -->\n<title>Sobre n\u00f3s - Seja um Franqueado - Wine Personnalit\u00e9 Emporium<\/title>\n<meta name=\"robots\" content=\"noindex, follow, max-snippet:-1, max-image-preview:large, max-video-preview:-1\" \/>\n<meta property=\"og:locale\" content=\"pt_BR\" \/>\n<meta property=\"og:type\" content=\"article\" \/>\n<meta property=\"og:title\" content=\"Sobre n\u00f3s - Seja um Franqueado - Wine Personnalit\u00e9 Emporium\" \/>\n<meta property=\"og:description\" content=\"SOBRE A Wine Personnalit\u00e9 UM EMPORIUM \u00daNICO E PERSONALIZADO Tudo come\u00e7a com um prop\u00f3sito, e a Wine Personnalit\u00e9 Emporium n\u00e3o \u00e9 exce\u00e7\u00e3o. Movidos pela paix\u00e3o pelo vinho, buscamos explorar tudo o que essa bebida especial tem a oferecer. No final de 2021 resolvemos tirar do papel algo que estava muito bem definido e planejado, bastava [&hellip;]\" \/>\n<meta property=\"og:url\" content=\"https:\/\/winepersonnalite.com.br\/franquia\/quem-somos\/\" \/>\n<meta property=\"og:site_name\" content=\"Wine Personnalit\u00e9 Emporium\" \/>\n<meta property=\"article:modified_time\" content=\"2024-10-28T17:33:38+00:00\" \/>\n<meta property=\"og:image\" content=\"https:\/\/winepersonnalite.com.br\/franquia\/wp-content\/uploads\/2023\/08\/Grupo-de-mascara-102.png\" \/>\n<meta name=\"twitter:card\" content=\"summary_large_image\" \/>\n<meta name=\"twitter:label1\" content=\"Est. tempo de leitura\" \/>\n\t<meta name=\"twitter:data1\" content=\"2 minutos\" \/>\n<script type=\"application\/ld+json\" class=\"yoast-schema-graph\">{\"@context\":\"https:\\\/\\\/schema.org\",\"@graph\":[{\"@type\":\"WebPage\",\"@id\":\"https:\\\/\\\/winepersonnalite.com.br\\\/franquia\\\/quem-somos\\\/\",\"url\":\"https:\\\/\\\/winepersonnalite.com.br\\\/franquia\\\/quem-somos\\\/\",\"name\":\"Sobre n\u00f3s - Seja um Franqueado - Wine Personnalit\u00e9 Emporium\",\"isPartOf\":{\"@id\":\"https:\\\/\\\/winepersonnalite.com.br\\\/franquia\\\/#website\"},\"primaryImageOfPage\":{\"@id\":\"https:\\\/\\\/winepersonnalite.com.br\\\/franquia\\\/quem-somos\\\/#primaryimage\"},\"image\":{\"@id\":\"https:\\\/\\\/winepersonnalite.com.br\\\/franquia\\\/quem-somos\\\/#primaryimage\"},\"thumbnailUrl\":\"https:\\\/\\\/winepersonnalite.com.br\\\/franquia\\\/wp-content\\\/uploads\\\/2023\\\/08\\\/Grupo-de-mascara-102.png\",\"datePublished\":\"2023-08-22T22:24:26+00:00\",\"dateModified\":\"2024-10-28T17:33:38+00:00\",\"breadcrumb\":{\"@id\":\"https:\\\/\\\/winepersonnalite.com.br\\\/franquia\\\/quem-somos\\\/#breadcrumb\"},\"inLanguage\":\"pt-BR\",\"potentialAction\":[{\"@type\":\"ReadAction\",\"target\":[\"https:\\\/\\\/winepersonnalite.com.br\\\/franquia\\\/quem-somos\\\/\"]}]},{\"@type\":\"ImageObject\",\"inLanguage\":\"pt-BR\",\"@id\":\"https:\\\/\\\/winepersonnalite.com.br\\\/franquia\\\/quem-somos\\\/#primaryimage\",\"url\":\"https:\\\/\\\/winepersonnalite.com.br\\\/franquia\\\/wp-content\\\/uploads\\\/2023\\\/08\\\/Grupo-de-mascara-102.png\",\"contentUrl\":\"https:\\\/\\\/winepersonnalite.com.br\\\/franquia\\\/wp-content\\\/uploads\\\/2023\\\/08\\\/Grupo-de-mascara-102.png\",\"width\":460,\"height\":600},{\"@type\":\"BreadcrumbList\",\"@id\":\"https:\\\/\\\/winepersonnalite.com.br\\\/franquia\\\/quem-somos\\\/#breadcrumb\",\"itemListElement\":[{\"@type\":\"ListItem\",\"position\":1,\"name\":\"In\u00edcio\",\"item\":\"https:\\\/\\\/winepersonnalite.com.br\\\/franquia\\\/\"},{\"@type\":\"ListItem\",\"position\":2,\"name\":\"Sobre n\u00f3s &#8211; Seja um Franqueado\"}]},{\"@type\":\"WebSite\",\"@id\":\"https:\\\/\\\/winepersonnalite.com.br\\\/franquia\\\/#website\",\"url\":\"https:\\\/\\\/winepersonnalite.com.br\\\/franquia\\\/\",\"name\":\"Wine Personnalit\u00e9 Emporium\",\"description\":\"\",\"publisher\":{\"@id\":\"https:\\\/\\\/winepersonnalite.com.br\\\/franquia\\\/#organization\"},\"potentialAction\":[{\"@type\":\"SearchAction\",\"target\":{\"@type\":\"EntryPoint\",\"urlTemplate\":\"https:\\\/\\\/winepersonnalite.com.br\\\/franquia\\\/?s={search_term_string}\"},\"query-input\":{\"@type\":\"PropertyValueSpecification\",\"valueRequired\":true,\"valueName\":\"search_term_string\"}}],\"inLanguage\":\"pt-BR\"},{\"@type\":\"Organization\",\"@id\":\"https:\\\/\\\/winepersonnalite.com.br\\\/franquia\\\/#organization\",\"name\":\"Wine Personnalit\u00e9 Emporium\",\"url\":\"https:\\\/\\\/winepersonnalite.com.br\\\/franquia\\\/\",\"logo\":{\"@type\":\"ImageObject\",\"inLanguage\":\"pt-BR\",\"@id\":\"https:\\\/\\\/winepersonnalite.com.br\\\/franquia\\\/#\\\/schema\\\/logo\\\/image\\\/\",\"url\":\"https:\\\/\\\/winepersonnalite.com.br\\\/franquia\\\/wp-content\\\/uploads\\\/2023\\\/08\\\/logo.svg\",\"contentUrl\":\"https:\\\/\\\/winepersonnalite.com.br\\\/franquia\\\/wp-content\\\/uploads\\\/2023\\\/08\\\/logo.svg\",\"width\":133,\"height\":85,\"caption\":\"Wine Personnalit\u00e9 Emporium\"},\"image\":{\"@id\":\"https:\\\/\\\/winepersonnalite.com.br\\\/franquia\\\/#\\\/schema\\\/logo\\\/image\\\/\"}}]}<\/script>\n<!-- \/ Yoast SEO plugin. -->","yoast_head_json":{"title":"Sobre n\u00f3s - Seja um Franqueado - Wine Personnalit\u00e9 Emporium","robots":{"index":"noindex","follow":"follow","max-snippet":"max-snippet:-1","max-image-preview":"max-image-preview:large","max-video-preview":"max-video-preview:-1"},"og_locale":"pt_BR","og_type":"article","og_title":"Sobre n\u00f3s - Seja um Franqueado - Wine Personnalit\u00e9 Emporium","og_description":"SOBRE A Wine Personnalit\u00e9 UM EMPORIUM \u00daNICO E PERSONALIZADO Tudo come\u00e7a com um prop\u00f3sito, e a Wine Personnalit\u00e9 Emporium n\u00e3o \u00e9 exce\u00e7\u00e3o. Movidos pela paix\u00e3o pelo vinho, buscamos explorar tudo o que essa bebida especial tem a oferecer. No final de 2021 resolvemos tirar do papel algo que estava muito bem definido e planejado, bastava [&hellip;]","og_url":"https:\/\/winepersonnalite.com.br\/franquia\/quem-somos\/","og_site_name":"Wine Personnalit\u00e9 Emporium","article_modified_time":"2024-10-28T17:33:38+00:00","og_image":[{"url":"https:\/\/winepersonnalite.com.br\/franquia\/wp-content\/uploads\/2023\/08\/Grupo-de-mascara-102.png","type":"","width":"","height":""}],"twitter_card":"summary_large_image","twitter_misc":{"Est. tempo de leitura":"2 minutos"},"schema":{"@context":"https:\/\/schema.org","@graph":[{"@type":"WebPage","@id":"https:\/\/winepersonnalite.com.br\/franquia\/quem-somos\/","url":"https:\/\/winepersonnalite.com.br\/franquia\/quem-somos\/","name":"Sobre n\u00f3s - Seja um Franqueado - Wine Personnalit\u00e9 Emporium","isPartOf":{"@id":"https:\/\/winepersonnalite.com.br\/franquia\/#website"},"primaryImageOfPage":{"@id":"https:\/\/winepersonnalite.com.br\/franquia\/quem-somos\/#primaryimage"},"image":{"@id":"https:\/\/winepersonnalite.com.br\/franquia\/quem-somos\/#primaryimage"},"thumbnailUrl":"https:\/\/winepersonnalite.com.br\/franquia\/wp-content\/uploads\/2023\/08\/Grupo-de-mascara-102.png","datePublished":"2023-08-22T22:24:26+00:00","dateModified":"2024-10-28T17:33:38+00:00","breadcrumb":{"@id":"https:\/\/winepersonnalite.com.br\/franquia\/quem-somos\/#breadcrumb"},"inLanguage":"pt-BR","potentialAction":[{"@type":"ReadAction","target":["https:\/\/winepersonnalite.com.br\/franquia\/quem-somos\/"]}]},{"@type":"ImageObject","inLanguage":"pt-BR","@id":"https:\/\/winepersonnalite.com.br\/franquia\/quem-somos\/#primaryimage","url":"https:\/\/winepersonnalite.com.br\/franquia\/wp-content\/uploads\/2023\/08\/Grupo-de-mascara-102.png","contentUrl":"https:\/\/winepersonnalite.com.br\/franquia\/wp-content\/uploads\/2023\/08\/Grupo-de-mascara-102.png","width":460,"height":600},{"@type":"BreadcrumbList","@id":"https:\/\/winepersonnalite.com.br\/franquia\/quem-somos\/#breadcrumb","itemListElement":[{"@type":"ListItem","position":1,"name":"In\u00edcio","item":"https:\/\/winepersonnalite.com.br\/franquia\/"},{"@type":"ListItem","position":2,"name":"Sobre n\u00f3s &#8211; Seja um Franqueado"}]},{"@type":"WebSite","@id":"https:\/\/winepersonnalite.com.br\/franquia\/#website","url":"https:\/\/winepersonnalite.com.br\/franquia\/","name":"Wine Personnalit\u00e9 Emporium","description":"","publisher":{"@id":"https:\/\/winepersonnalite.com.br\/franquia\/#organization"},"potentialAction":[{"@type":"SearchAction","target":{"@type":"EntryPoint","urlTemplate":"https:\/\/winepersonnalite.com.br\/franquia\/?s={search_term_string}"},"query-input":{"@type":"PropertyValueSpecification","valueRequired":true,"valueName":"search_term_string"}}],"inLanguage":"pt-BR"},{"@type":"Organization","@id":"https:\/\/winepersonnalite.com.br\/franquia\/#organization","name":"Wine Personnalit\u00e9 Emporium","url":"https:\/\/winepersonnalite.com.br\/franquia\/","logo":{"@type":"ImageObject","inLanguage":"pt-BR","@id":"https:\/\/winepersonnalite.com.br\/franquia\/#\/schema\/logo\/image\/","url":"https:\/\/winepersonnalite.com.br\/franquia\/wp-content\/uploads\/2023\/08\/logo.svg","contentUrl":"https:\/\/winepersonnalite.com.br\/franquia\/wp-content\/uploads\/2023\/08\/logo.svg","width":133,"height":85,"caption":"Wine Personnalit\u00e9 Emporium"},"image":{"@id":"https:\/\/winepersonnalite.com.br\/franquia\/#\/schema\/logo\/image\/"}}]}},"_links":{"self":[{"href":"https:\/\/winepersonnalite.com.br\/franquia\/wp-json\/wp\/v2\/pages\/13","targetHints":{"allow":["GET"]}}],"collection":[{"href":"https:\/\/winepersonnalite.com.br\/franquia\/wp-json\/wp\/v2\/pages"}],"about":[{"href":"https:\/\/winepersonnalite.com.br\/franquia\/wp-json\/wp\/v2\/types\/page"}],"author":[{"embeddable":true,"href":"https:\/\/winepersonnalite.com.br\/franquia\/wp-json\/wp\/v2\/users\/1"}],"replies":[{"embeddable":true,"href":"https:\/\/winepersonnalite.com.br\/franquia\/wp-json\/wp\/v2\/comments?post=13"}],"version-history":[{"count":33,"href":"https:\/\/winepersonnalite.com.br\/franquia\/wp-json\/wp\/v2\/pages\/13\/revisions"}],"predecessor-version":[{"id":641,"href":"https:\/\/winepersonnalite.com.br\/franquia\/wp-json\/wp\/v2\/pages\/13\/revisions\/641"}],"wp:attachment":[{"href":"https:\/\/winepersonnalite.com.br\/franquia\/wp-json\/wp\/v2\/media?parent=13"}],"curies":[{"name":"wp","href":"https:\/\/api.w.org\/{rel}","templated":true}]}}