{"id":19,"date":"2023-08-22T19:24:58","date_gmt":"2023-08-22T22:24:58","guid":{"rendered":"https:\/\/winepersonnalite.com.br\/?page_id=19"},"modified":"2024-10-28T14:35:36","modified_gmt":"2024-10-28T17:35:36","slug":"contato","status":"publish","type":"page","link":"https:\/\/winepersonnalite.com.br\/franquia\/contato\/","title":{"rendered":"Contato &#8211; Seja um Franqueado"},"content":{"rendered":"\t\t<div data-elementor-type=\"wp-page\" data-elementor-id=\"19\" class=\"elementor elementor-19\">\n\t\t\t\t<div class=\"elementor-element elementor-element-811e436 e-con-full e-flex e-con e-parent\" data-id=\"811e436\" data-element_type=\"container\" data-e-type=\"container\">\n\t\t<div class=\"elementor-element elementor-element-9da95bb e-con-full e-flex e-con e-child\" data-id=\"9da95bb\" data-element_type=\"container\" data-e-type=\"container\" data-settings=\"{&quot;background_background&quot;:&quot;classic&quot;}\">\n\t\t\t\t<\/div>\n\t\t<div class=\"elementor-element elementor-element-9467a3d e-flex e-con-boxed e-con e-child\" data-id=\"9467a3d\" data-element_type=\"container\" data-e-type=\"container\" data-settings=\"{&quot;background_background&quot;:&quot;classic&quot;}\">\n\t\t\t\t\t<div class=\"e-con-inner\">\n\t\t<div class=\"elementor-element elementor-element-fea0bee e-con-full e-flex e-con e-child\" data-id=\"fea0bee\" data-element_type=\"container\" data-e-type=\"container\">\n\t\t\t\t<div class=\"elementor-element elementor-element-e77451f elementor-widget elementor-widget-heading\" data-id=\"e77451f\" data-element_type=\"widget\" data-e-type=\"widget\" data-widget_type=\"heading.default\">\n\t\t\t\t<div class=\"elementor-widget-container\">\n\t\t\t\t\t<p class=\"elementor-heading-title elementor-size-default\">CONTATO<\/p>\t\t\t\t<\/div>\n\t\t\t\t<\/div>\n\t\t\t\t<div class=\"elementor-element elementor-element-819b31d elementor-widget elementor-widget-heading\" data-id=\"819b31d\" data-element_type=\"widget\" data-e-type=\"widget\" data-widget_type=\"heading.default\">\n\t\t\t\t<div class=\"elementor-widget-container\">\n\t\t\t\t\t<h2 class=\"elementor-heading-title elementor-size-default\">Fale Conosco<\/h2>\t\t\t\t<\/div>\n\t\t\t\t<\/div>\n\t\t\t\t<\/div>\n\t\t<div class=\"elementor-element elementor-element-ed018a5 e-con-full e-flex e-con e-child\" data-id=\"ed018a5\" data-element_type=\"container\" data-e-type=\"container\">\n\t\t<div class=\"elementor-element elementor-element-58ab6bb e-con-full e-flex e-con e-child\" data-id=\"58ab6bb\" data-element_type=\"container\" data-e-type=\"container\">\n\t\t\t\t<div class=\"elementor-element elementor-element-5785622 elementor-widget elementor-widget-heading\" data-id=\"5785622\" data-element_type=\"widget\" data-e-type=\"widget\" data-widget_type=\"heading.default\">\n\t\t\t\t<div class=\"elementor-widget-container\">\n\t\t\t\t\t<p class=\"elementor-heading-title elementor-size-default\">M\u00cdDIAS SOCIAIS<\/p>\t\t\t\t<\/div>\n\t\t\t\t<\/div>\n\t\t\t\t<div class=\"elementor-element elementor-element-1e4bd7b elementor-widget-divider--view-line elementor-widget elementor-widget-divider\" data-id=\"1e4bd7b\" data-element_type=\"widget\" data-e-type=\"widget\" data-widget_type=\"divider.default\">\n\t\t\t\t<div class=\"elementor-widget-container\">\n\t\t\t\t\t\t\t<div class=\"elementor-divider\">\n\t\t\t<span class=\"elementor-divider-separator\">\n\t\t\t\t\t\t<\/span>\n\t\t<\/div>\n\t\t\t\t\t\t<\/div>\n\t\t\t\t<\/div>\n\t\t\t\t<div class=\"elementor-element elementor-element-233b627 elementor-shape-square e-grid-align-left e-grid-align-mobile-center elementor-grid-0 elementor-widget elementor-widget-social-icons\" data-id=\"233b627\" data-element_type=\"widget\" data-e-type=\"widget\" data-widget_type=\"social-icons.default\">\n\t\t\t\t<div class=\"elementor-widget-container\">\n\t\t\t\t\t\t\t<div class=\"elementor-social-icons-wrapper elementor-grid\" role=\"list\">\n\t\t\t\t\t\t\t<span class=\"elementor-grid-item\" role=\"listitem\">\n\t\t\t\t\t<a class=\"elementor-icon elementor-social-icon elementor-social-icon-facebook-f elementor-animation-bounce-in elementor-repeater-item-b83df52\" href=\"https:\/\/www.facebook.com\/profile.php?id=100095299151247&#038;mibextid=ZbWKwL\" target=\"_blank\">\n\t\t\t\t\t\t<span class=\"elementor-screen-only\">Facebook-f<\/span>\n\t\t\t\t\t\t<i aria-hidden=\"true\" class=\"fab fa-facebook-f\"><\/i>\t\t\t\t\t<\/a>\n\t\t\t\t<\/span>\n\t\t\t\t\t\t\t<span class=\"elementor-grid-item\" role=\"listitem\">\n\t\t\t\t\t<a class=\"elementor-icon elementor-social-icon elementor-social-icon-youtube elementor-animation-bounce-in elementor-repeater-item-8204cce\" href=\"https:\/\/www.youtube.com\/@WinePersonnalite\" target=\"_blank\">\n\t\t\t\t\t\t<span class=\"elementor-screen-only\">Youtube<\/span>\n\t\t\t\t\t\t<i aria-hidden=\"true\" class=\"fab fa-youtube\"><\/i>\t\t\t\t\t<\/a>\n\t\t\t\t<\/span>\n\t\t\t\t\t\t\t<span class=\"elementor-grid-item\" role=\"listitem\">\n\t\t\t\t\t<a class=\"elementor-icon elementor-social-icon elementor-social-icon-instagram elementor-animation-bounce-in elementor-repeater-item-67fbf26\" href=\"https:\/\/www.instagram.com\/wine.personnalite\/\" target=\"_blank\">\n\t\t\t\t\t\t<span class=\"elementor-screen-only\">Instagram<\/span>\n\t\t\t\t\t\t<i aria-hidden=\"true\" class=\"fab fa-instagram\"><\/i>\t\t\t\t\t<\/a>\n\t\t\t\t<\/span>\n\t\t\t\t\t<\/div>\n\t\t\t\t\t\t<\/div>\n\t\t\t\t<\/div>\n\t\t\t\t<\/div>\n\t\t<div class=\"elementor-element elementor-element-1921a13 e-con-full e-flex e-con e-child\" data-id=\"1921a13\" data-element_type=\"container\" data-e-type=\"container\">\n\t\t\t\t<div class=\"elementor-element elementor-element-11b47b9 elementor-widget elementor-widget-heading\" data-id=\"11b47b9\" data-element_type=\"widget\" data-e-type=\"widget\" data-widget_type=\"heading.default\">\n\t\t\t\t<div class=\"elementor-widget-container\">\n\t\t\t\t\t<p class=\"elementor-heading-title elementor-size-default\">CONTATO<\/p>\t\t\t\t<\/div>\n\t\t\t\t<\/div>\n\t\t\t\t<div class=\"elementor-element elementor-element-21ffdec elementor-widget-divider--view-line elementor-widget elementor-widget-divider\" data-id=\"21ffdec\" data-element_type=\"widget\" data-e-type=\"widget\" data-widget_type=\"divider.default\">\n\t\t\t\t<div class=\"elementor-widget-container\">\n\t\t\t\t\t\t\t<div class=\"elementor-divider\">\n\t\t\t<span class=\"elementor-divider-separator\">\n\t\t\t\t\t\t<\/span>\n\t\t<\/div>\n\t\t\t\t\t\t<\/div>\n\t\t\t\t<\/div>\n\t\t\t\t<div class=\"elementor-element elementor-element-6b90c6b elementor-icon-list--layout-traditional elementor-list-item-link-full_width elementor-widget elementor-widget-icon-list\" data-id=\"6b90c6b\" data-element_type=\"widget\" data-e-type=\"widget\" data-widget_type=\"icon-list.default\">\n\t\t\t\t<div class=\"elementor-widget-container\">\n\t\t\t\t\t\t\t<ul class=\"elementor-icon-list-items\">\n\t\t\t\t\t\t\t<li class=\"elementor-icon-list-item\">\n\t\t\t\t\t\t\t\t\t\t<span class=\"elementor-icon-list-text\">Telefone: (41) 99929-0205<\/span>\n\t\t\t\t\t\t\t\t\t<\/li>\n\t\t\t\t\t\t\t\t<li class=\"elementor-icon-list-item\">\n\t\t\t\t\t\t\t\t\t\t<span class=\"elementor-icon-list-text\">Email: atendimento@winepersonnalite.com.br<\/span>\n\t\t\t\t\t\t\t\t\t<\/li>\n\t\t\t\t\t\t<\/ul>\n\t\t\t\t\t\t<\/div>\n\t\t\t\t<\/div>\n\t\t\t\t<\/div>\n\t\t<div class=\"elementor-element elementor-element-a7e0b4c e-con-full e-flex e-con e-child\" data-id=\"a7e0b4c\" data-element_type=\"container\" data-e-type=\"container\">\n\t\t\t\t<div class=\"elementor-element elementor-element-0f0717f elementor-widget elementor-widget-heading\" data-id=\"0f0717f\" data-element_type=\"widget\" data-e-type=\"widget\" data-widget_type=\"heading.default\">\n\t\t\t\t<div class=\"elementor-widget-container\">\n\t\t\t\t\t<p class=\"elementor-heading-title elementor-size-default\">ENDERE\u00c7O<\/p>\t\t\t\t<\/div>\n\t\t\t\t<\/div>\n\t\t\t\t<div class=\"elementor-element elementor-element-c2e4997 elementor-widget-divider--view-line elementor-widget elementor-widget-divider\" data-id=\"c2e4997\" data-element_type=\"widget\" data-e-type=\"widget\" data-widget_type=\"divider.default\">\n\t\t\t\t<div class=\"elementor-widget-container\">\n\t\t\t\t\t\t\t<div class=\"elementor-divider\">\n\t\t\t<span class=\"elementor-divider-separator\">\n\t\t\t\t\t\t<\/span>\n\t\t<\/div>\n\t\t\t\t\t\t<\/div>\n\t\t\t\t<\/div>\n\t\t\t\t<div class=\"elementor-element elementor-element-805a746 elementor-widget elementor-widget-text-editor\" data-id=\"805a746\" data-element_type=\"widget\" data-e-type=\"widget\" data-widget_type=\"text-editor.default\">\n\t\t\t\t<div class=\"elementor-widget-container\">\n\t\t\t\t\t\t\t\t\t<p>Rua Fran\u00e7a Martins , 11<br \/>Sala 303 &#8211; Adrian\u00f3polis, PR &#8211; 83490-000<\/p>\t\t\t\t\t\t\t\t<\/div>\n\t\t\t\t<\/div>\n\t\t\t\t<div class=\"elementor-element elementor-element-b90ef60 elementor-mobile-align-center elementor-widget elementor-widget-button\" data-id=\"b90ef60\" data-element_type=\"widget\" data-e-type=\"widget\" data-widget_type=\"button.default\">\n\t\t\t\t<div class=\"elementor-widget-container\">\n\t\t\t\t\t\t\t\t\t<div class=\"elementor-button-wrapper\">\n\t\t\t\t\t<a class=\"elementor-button elementor-button-link elementor-size-sm\" href=\"https:\/\/www.google.com\/maps\/place\/R.+Fran%C3%A7a+Martins,+11+-+303,+Adrian%C3%B3polis+-+PR,+83490-000\/@-24.6582859,-48.9937912,17z\/data=!3m1!4b1!4m5!3m4!1s0x94c34105fe3c2f07:0x2d9e760c71893f57!8m2!3d-24.6582859!4d-48.9912163?entry=ttu\" target=\"_blank\">\n\t\t\t\t\t\t<span class=\"elementor-button-content-wrapper\">\n\t\t\t\t\t\t\t\t\t<span class=\"elementor-button-text\">Abrir no Google Maps<\/span>\n\t\t\t\t\t<\/span>\n\t\t\t\t\t<\/a>\n\t\t\t\t<\/div>\n\t\t\t\t\t\t\t\t<\/div>\n\t\t\t\t<\/div>\n\t\t\t\t<\/div>\n\t\t\t\t<\/div>\n\t\t\t\t\t<\/div>\n\t\t\t\t<\/div>\n\t\t<div class=\"elementor-element elementor-element-cc914d5 e-con-full e-flex e-con e-child\" data-id=\"cc914d5\" data-element_type=\"container\" data-e-type=\"container\">\n\t\t<div class=\"elementor-element elementor-element-2e152cb e-flex e-con-boxed e-con e-child\" data-id=\"2e152cb\" data-element_type=\"container\" data-e-type=\"container\">\n\t\t\t\t\t<div class=\"e-con-inner\">\n\t\t<div class=\"elementor-element elementor-element-5c7779a e-con-full e-flex e-con e-child\" data-id=\"5c7779a\" data-element_type=\"container\" data-e-type=\"container\">\n\t\t\t\t<div class=\"elementor-element elementor-element-15e6609 elementor-widget-mobile__width-inherit elementor-widget elementor-widget-heading\" data-id=\"15e6609\" data-element_type=\"widget\" data-e-type=\"widget\" data-widget_type=\"heading.default\">\n\t\t\t\t<div class=\"elementor-widget-container\">\n\t\t\t\t\t<h2 class=\"elementor-heading-title elementor-size-default\">Fale conosco<\/h2>\t\t\t\t<\/div>\n\t\t\t\t<\/div>\n\t\t\t\t<div class=\"elementor-element elementor-element-9b3b1b6 elementor-widget-divider--view-line elementor-widget elementor-widget-divider\" data-id=\"9b3b1b6\" data-element_type=\"widget\" data-e-type=\"widget\" data-widget_type=\"divider.default\">\n\t\t\t\t<div class=\"elementor-widget-container\">\n\t\t\t\t\t\t\t<div class=\"elementor-divider\">\n\t\t\t<span class=\"elementor-divider-separator\">\n\t\t\t\t\t\t<\/span>\n\t\t<\/div>\n\t\t\t\t\t\t<\/div>\n\t\t\t\t<\/div>\n\t\t\t\t<div class=\"elementor-element elementor-element-1f26b4f elementor-widget elementor-widget-text-editor\" data-id=\"1f26b4f\" data-element_type=\"widget\" data-e-type=\"widget\" data-widget_type=\"text-editor.default\">\n\t\t\t\t<div class=\"elementor-widget-container\">\n\t\t\t\t\t\t\t\t\t<p><span style=\"font-weight: 400;\">D\u00favidas sobre as nossas franquias?<\/span><\/p><p><span style=\"font-weight: 400;\">Preencha o formul\u00e1rio e n\u00f3s entraremos em contato em at\u00e9 24 horas.<\/span><\/p>\t\t\t\t\t\t\t\t<\/div>\n\t\t\t\t<\/div>\n\t\t\t\t<\/div>\n\t\t<div class=\"elementor-element elementor-element-f6cfe4d e-con-full e-flex e-con e-child\" data-id=\"f6cfe4d\" data-element_type=\"container\" data-e-type=\"container\">\n\t\t\t\t<div class=\"elementor-element elementor-element-6caeaf2 elementor-widget elementor-widget-shortcode\" data-id=\"6caeaf2\" data-element_type=\"widget\" data-e-type=\"widget\" data-widget_type=\"shortcode.default\">\n\t\t\t\t<div class=\"elementor-widget-container\">\n\t\t\t\t\t\t\t<div class=\"elementor-shortcode\">\n<div class=\"wpcf7 no-js\" id=\"wpcf7-f5-o1\" lang=\"pt-BR\" dir=\"ltr\" data-wpcf7-id=\"5\">\n<div class=\"screen-reader-response\"><p role=\"status\" aria-live=\"polite\" aria-atomic=\"true\"><\/p> <ul><\/ul><\/div>\n<form action=\"\/franquia\/wp-json\/wp\/v2\/pages\/19#wpcf7-f5-o1\" method=\"post\" class=\"wpcf7-form init\" aria-label=\"Formul\u00e1rios de contato\" novalidate=\"novalidate\" data-status=\"init\">\n<fieldset class=\"hidden-fields-container\"><input type=\"hidden\" name=\"_wpcf7\" value=\"5\" \/><input type=\"hidden\" name=\"_wpcf7_version\" value=\"6.1.5\" \/><input type=\"hidden\" name=\"_wpcf7_locale\" value=\"pt_BR\" \/><input type=\"hidden\" name=\"_wpcf7_unit_tag\" value=\"wpcf7-f5-o1\" \/><input type=\"hidden\" name=\"_wpcf7_container_post\" value=\"0\" \/><input type=\"hidden\" name=\"_wpcf7_posted_data_hash\" value=\"\" \/>\n<\/fieldset>\n<div class=\"row\">\n\t<div class=\"col-lg-12 input-box\">\n\t\t<p><span class=\"wpcf7-form-control-wrap\" data-name=\"nome\"><input size=\"40\" maxlength=\"400\" class=\"wpcf7-form-control wpcf7-text wpcf7-validates-as-required\" aria-required=\"true\" aria-invalid=\"false\" placeholder=\"Nome*\" value=\"\" type=\"text\" name=\"nome\" \/><\/span>\n\t\t<\/p>\n\t<\/div>\n<\/div>\n<div class=\"row\">\n\t<div class=\"col-lg-6 input-box\">\n\t\t<p><span class=\"wpcf7-form-control-wrap\" data-name=\"email\"><input size=\"40\" maxlength=\"400\" class=\"wpcf7-form-control wpcf7-email wpcf7-validates-as-required wpcf7-text wpcf7-validates-as-email\" aria-required=\"true\" aria-invalid=\"false\" placeholder=\"Email*\" value=\"\" type=\"email\" name=\"email\" \/><\/span>\n\t\t<\/p>\n\t<\/div>\n\t<div class=\"col-lg-6 input-box\">\n\t\t<p><span class=\"wpcf7-form-control-wrap\" data-name=\"telefone\"><input size=\"40\" maxlength=\"400\" class=\"wpcf7-form-control wpcf7-tel wpcf7-validates-as-required wpcf7-text wpcf7-validates-as-tel\" aria-required=\"true\" aria-invalid=\"false\" placeholder=\"Telefone*\" value=\"\" type=\"tel\" name=\"telefone\" \/><\/span>\n\t\t<\/p>\n\t<\/div>\n<\/div>\n<div class=\"row\">\n\t<div class=\"col-lg-12 input-box\">\n\t\t<p><span class=\"wpcf7-form-control-wrap\" data-name=\"mensagem\"><textarea cols=\"40\" rows=\"10\" maxlength=\"2000\" class=\"wpcf7-form-control wpcf7-textarea\" aria-invalid=\"false\" placeholder=\"Mensagem\" name=\"mensagem\"><\/textarea><\/span>\n\t\t<\/p>\n\t<\/div>\n<\/div>\n<div class=\"row\">\n\t<div class=\"col-lg-12 input-box input-submit\">\n\t\t<p><input class=\"wpcf7-form-control wpcf7-submit has-spinner\" type=\"submit\" value=\"ENVIAR\" \/>\n\t\t<\/p>\n\t<\/div>\n<\/div><div class=\"wpcf7-response-output\" aria-hidden=\"true\"><\/div>\n<\/form>\n<\/div>\n<\/div>\n\t\t\t\t\t\t<\/div>\n\t\t\t\t<\/div>\n\t\t\t\t<\/div>\n\t\t\t\t\t<\/div>\n\t\t\t\t<\/div>\n\t\t\t\t<\/div>\n\t\t\t\t<\/div>\n\t\t\t\t<\/div>\n\t\t","protected":false},"excerpt":{"rendered":"<p>CONTATO Fale Conosco M\u00cdDIAS SOCIAIS Facebook-f Youtube Instagram CONTATO Telefone: (41) 99929-0205 Email: atendimento@winepersonnalite.com.br ENDERE\u00c7O Rua Fran\u00e7a Martins , 11 Sala 303 &#8211; Adrian\u00f3polis, PR &#8211; 83490-000 Abrir no Google Maps Fale conosco D\u00favidas sobre as nossas franquias? Preencha o formul\u00e1rio e n\u00f3s entraremos em contato em at\u00e9 24 horas.<\/p>\n","protected":false},"author":1,"featured_media":0,"parent":0,"menu_order":0,"comment_status":"closed","ping_status":"closed","template":"elementor_header_footer","meta":{"footnotes":""},"class_list":["post-19","page","type-page","status-publish","hentry"],"acf":[],"yoast_head":"<!-- This site is optimized with the Yoast SEO plugin v27.3 - https:\/\/yoast.com\/product\/yoast-seo-wordpress\/ -->\n<title>Contato - Seja um Franqueado - Wine Personnalit\u00e9 Emporium<\/title>\n<meta name=\"robots\" content=\"noindex, follow, max-snippet:-1, max-image-preview:large, max-video-preview:-1\" \/>\n<meta property=\"og:locale\" content=\"pt_BR\" \/>\n<meta property=\"og:type\" content=\"article\" \/>\n<meta property=\"og:title\" content=\"Contato - Seja um Franqueado - Wine Personnalit\u00e9 Emporium\" \/>\n<meta property=\"og:description\" content=\"CONTATO Fale Conosco M\u00cdDIAS SOCIAIS Facebook-f Youtube Instagram CONTATO Telefone: (41) 99929-0205 Email: atendimento@winepersonnalite.com.br ENDERE\u00c7O Rua Fran\u00e7a Martins , 11 Sala 303 &#8211; Adrian\u00f3polis, PR &#8211; 83490-000 Abrir no Google Maps Fale conosco D\u00favidas sobre as nossas franquias? Preencha o formul\u00e1rio e n\u00f3s entraremos em contato em at\u00e9 24 horas.\" \/>\n<meta property=\"og:url\" content=\"https:\/\/winepersonnalite.com.br\/franquia\/contato\/\" \/>\n<meta property=\"og:site_name\" content=\"Wine Personnalit\u00e9 Emporium\" \/>\n<meta property=\"article:modified_time\" content=\"2024-10-28T17:35:36+00:00\" \/>\n<meta name=\"twitter:card\" content=\"summary_large_image\" \/>\n<meta name=\"twitter:label1\" content=\"Est. tempo de leitura\" \/>\n\t<meta name=\"twitter:data1\" content=\"1 minuto\" \/>\n<script type=\"application\/ld+json\" class=\"yoast-schema-graph\">{\"@context\":\"https:\\\/\\\/schema.org\",\"@graph\":[{\"@type\":\"WebPage\",\"@id\":\"https:\\\/\\\/winepersonnalite.com.br\\\/franquia\\\/contato\\\/\",\"url\":\"https:\\\/\\\/winepersonnalite.com.br\\\/franquia\\\/contato\\\/\",\"name\":\"Contato - Seja um Franqueado - Wine Personnalit\u00e9 Emporium\",\"isPartOf\":{\"@id\":\"https:\\\/\\\/winepersonnalite.com.br\\\/franquia\\\/#website\"},\"datePublished\":\"2023-08-22T22:24:58+00:00\",\"dateModified\":\"2024-10-28T17:35:36+00:00\",\"breadcrumb\":{\"@id\":\"https:\\\/\\\/winepersonnalite.com.br\\\/franquia\\\/contato\\\/#breadcrumb\"},\"inLanguage\":\"pt-BR\",\"potentialAction\":[{\"@type\":\"ReadAction\",\"target\":[\"https:\\\/\\\/winepersonnalite.com.br\\\/franquia\\\/contato\\\/\"]}]},{\"@type\":\"BreadcrumbList\",\"@id\":\"https:\\\/\\\/winepersonnalite.com.br\\\/franquia\\\/contato\\\/#breadcrumb\",\"itemListElement\":[{\"@type\":\"ListItem\",\"position\":1,\"name\":\"In\u00edcio\",\"item\":\"https:\\\/\\\/winepersonnalite.com.br\\\/franquia\\\/\"},{\"@type\":\"ListItem\",\"position\":2,\"name\":\"Contato &#8211; Seja um Franqueado\"}]},{\"@type\":\"WebSite\",\"@id\":\"https:\\\/\\\/winepersonnalite.com.br\\\/franquia\\\/#website\",\"url\":\"https:\\\/\\\/winepersonnalite.com.br\\\/franquia\\\/\",\"name\":\"Wine Personnalit\u00e9 Emporium\",\"description\":\"\",\"publisher\":{\"@id\":\"https:\\\/\\\/winepersonnalite.com.br\\\/franquia\\\/#organization\"},\"potentialAction\":[{\"@type\":\"SearchAction\",\"target\":{\"@type\":\"EntryPoint\",\"urlTemplate\":\"https:\\\/\\\/winepersonnalite.com.br\\\/franquia\\\/?s={search_term_string}\"},\"query-input\":{\"@type\":\"PropertyValueSpecification\",\"valueRequired\":true,\"valueName\":\"search_term_string\"}}],\"inLanguage\":\"pt-BR\"},{\"@type\":\"Organization\",\"@id\":\"https:\\\/\\\/winepersonnalite.com.br\\\/franquia\\\/#organization\",\"name\":\"Wine Personnalit\u00e9 Emporium\",\"url\":\"https:\\\/\\\/winepersonnalite.com.br\\\/franquia\\\/\",\"logo\":{\"@type\":\"ImageObject\",\"inLanguage\":\"pt-BR\",\"@id\":\"https:\\\/\\\/winepersonnalite.com.br\\\/franquia\\\/#\\\/schema\\\/logo\\\/image\\\/\",\"url\":\"https:\\\/\\\/winepersonnalite.com.br\\\/franquia\\\/wp-content\\\/uploads\\\/2023\\\/08\\\/logo.svg\",\"contentUrl\":\"https:\\\/\\\/winepersonnalite.com.br\\\/franquia\\\/wp-content\\\/uploads\\\/2023\\\/08\\\/logo.svg\",\"width\":133,\"height\":85,\"caption\":\"Wine Personnalit\u00e9 Emporium\"},\"image\":{\"@id\":\"https:\\\/\\\/winepersonnalite.com.br\\\/franquia\\\/#\\\/schema\\\/logo\\\/image\\\/\"}}]}<\/script>\n<!-- \/ Yoast SEO plugin. -->","yoast_head_json":{"title":"Contato - Seja um Franqueado - Wine Personnalit\u00e9 Emporium","robots":{"index":"noindex","follow":"follow","max-snippet":"max-snippet:-1","max-image-preview":"max-image-preview:large","max-video-preview":"max-video-preview:-1"},"og_locale":"pt_BR","og_type":"article","og_title":"Contato - Seja um Franqueado - Wine Personnalit\u00e9 Emporium","og_description":"CONTATO Fale Conosco M\u00cdDIAS SOCIAIS Facebook-f Youtube Instagram CONTATO Telefone: (41) 99929-0205 Email: atendimento@winepersonnalite.com.br ENDERE\u00c7O Rua Fran\u00e7a Martins , 11 Sala 303 &#8211; Adrian\u00f3polis, PR &#8211; 83490-000 Abrir no Google Maps Fale conosco D\u00favidas sobre as nossas franquias? Preencha o formul\u00e1rio e n\u00f3s entraremos em contato em at\u00e9 24 horas.","og_url":"https:\/\/winepersonnalite.com.br\/franquia\/contato\/","og_site_name":"Wine Personnalit\u00e9 Emporium","article_modified_time":"2024-10-28T17:35:36+00:00","twitter_card":"summary_large_image","twitter_misc":{"Est. tempo de leitura":"1 minuto"},"schema":{"@context":"https:\/\/schema.org","@graph":[{"@type":"WebPage","@id":"https:\/\/winepersonnalite.com.br\/franquia\/contato\/","url":"https:\/\/winepersonnalite.com.br\/franquia\/contato\/","name":"Contato - Seja um Franqueado - Wine Personnalit\u00e9 Emporium","isPartOf":{"@id":"https:\/\/winepersonnalite.com.br\/franquia\/#website"},"datePublished":"2023-08-22T22:24:58+00:00","dateModified":"2024-10-28T17:35:36+00:00","breadcrumb":{"@id":"https:\/\/winepersonnalite.com.br\/franquia\/contato\/#breadcrumb"},"inLanguage":"pt-BR","potentialAction":[{"@type":"ReadAction","target":["https:\/\/winepersonnalite.com.br\/franquia\/contato\/"]}]},{"@type":"BreadcrumbList","@id":"https:\/\/winepersonnalite.com.br\/franquia\/contato\/#breadcrumb","itemListElement":[{"@type":"ListItem","position":1,"name":"In\u00edcio","item":"https:\/\/winepersonnalite.com.br\/franquia\/"},{"@type":"ListItem","position":2,"name":"Contato &#8211; Seja um Franqueado"}]},{"@type":"WebSite","@id":"https:\/\/winepersonnalite.com.br\/franquia\/#website","url":"https:\/\/winepersonnalite.com.br\/franquia\/","name":"Wine Personnalit\u00e9 Emporium","description":"","publisher":{"@id":"https:\/\/winepersonnalite.com.br\/franquia\/#organization"},"potentialAction":[{"@type":"SearchAction","target":{"@type":"EntryPoint","urlTemplate":"https:\/\/winepersonnalite.com.br\/franquia\/?s={search_term_string}"},"query-input":{"@type":"PropertyValueSpecification","valueRequired":true,"valueName":"search_term_string"}}],"inLanguage":"pt-BR"},{"@type":"Organization","@id":"https:\/\/winepersonnalite.com.br\/franquia\/#organization","name":"Wine Personnalit\u00e9 Emporium","url":"https:\/\/winepersonnalite.com.br\/franquia\/","logo":{"@type":"ImageObject","inLanguage":"pt-BR","@id":"https:\/\/winepersonnalite.com.br\/franquia\/#\/schema\/logo\/image\/","url":"https:\/\/winepersonnalite.com.br\/franquia\/wp-content\/uploads\/2023\/08\/logo.svg","contentUrl":"https:\/\/winepersonnalite.com.br\/franquia\/wp-content\/uploads\/2023\/08\/logo.svg","width":133,"height":85,"caption":"Wine Personnalit\u00e9 Emporium"},"image":{"@id":"https:\/\/winepersonnalite.com.br\/franquia\/#\/schema\/logo\/image\/"}}]}},"_links":{"self":[{"href":"https:\/\/winepersonnalite.com.br\/franquia\/wp-json\/wp\/v2\/pages\/19","targetHints":{"allow":["GET"]}}],"collection":[{"href":"https:\/\/winepersonnalite.com.br\/franquia\/wp-json\/wp\/v2\/pages"}],"about":[{"href":"https:\/\/winepersonnalite.com.br\/franquia\/wp-json\/wp\/v2\/types\/page"}],"author":[{"embeddable":true,"href":"https:\/\/winepersonnalite.com.br\/franquia\/wp-json\/wp\/v2\/users\/1"}],"replies":[{"embeddable":true,"href":"https:\/\/winepersonnalite.com.br\/franquia\/wp-json\/wp\/v2\/comments?post=19"}],"version-history":[{"count":83,"href":"https:\/\/winepersonnalite.com.br\/franquia\/wp-json\/wp\/v2\/pages\/19\/revisions"}],"predecessor-version":[{"id":644,"href":"https:\/\/winepersonnalite.com.br\/franquia\/wp-json\/wp\/v2\/pages\/19\/revisions\/644"}],"wp:attachment":[{"href":"https:\/\/winepersonnalite.com.br\/franquia\/wp-json\/wp\/v2\/media?parent=19"}],"curies":[{"name":"wp","href":"https:\/\/api.w.org\/{rel}","templated":true}]}}